{"id":105,"date":"2023-05-11T14:46:23","date_gmt":"2023-05-11T14:46:23","guid":{"rendered":"https:\/\/praxis-am-schmiedeberg.de\/?page_id=105"},"modified":"2026-01-02T10:15:08","modified_gmt":"2026-01-02T10:15:08","slug":"hausarztpraxis-am-schmiedeberg","status":"publish","type":"page","link":"https:\/\/www.praxis-am-schmiedeberg.de\/","title":{"rendered":"Willkommen"},"content":{"rendered":"\n<figure class=\"wp-block-image aligncenter size-full\"><img loading=\"lazy\" decoding=\"async\" width=\"253\" height=\"52\" src=\"https:\/\/praxis-am-schmiedeberg.de\/wp-content\/uploads\/2023\/05\/grafik-1.png\" alt=\"\" class=\"wp-image-104\"\/><\/figure>\n\n\n\n<p class=\"has-text-align-left\">In der Hausarztpraxis am Schmiedeberg <\/p>\n\n\n\n<p class=\"has-text-align-left\">Schmiedeberg 11,73529 Schw\u00e4bisch Gm\u00fcnd &#8211; Unterbettringen<\/p>\n\n\n\n<p>Tel. 07171-959479 0<\/p>\n\n\n\n<p class=\"has-medium-font-size\"><mark style=\"background-color:#9DFF20\" class=\"has-inline-color\"><strong>Sie k\u00f6nnen uns auch per e-mail erreichen info@praxis-am-schmiedeberg.de<\/strong><\/mark><\/p>\n\n\n\n<p>oder \u00fcber unsere Patienten App <a href=\"https:\/\/meditech-ai.de\/.\">https:\/\/meditech-ai.de\/.<\/a><\/p>\n\n\n\n<p>Fax: 07171-959479 9<\/p>\n\n\n\n<figure class=\"wp-block-image aligncenter size-medium is-resized\"><img loading=\"lazy\" decoding=\"async\" width=\"200\" height=\"300\" src=\"https:\/\/praxis-am-schmiedeberg.de\/wp-content\/uploads\/2023\/04\/IMG_8289-1-200x300.jpg\" alt=\"\" class=\"wp-image-73\" style=\"width:206px;height:310px\" srcset=\"https:\/\/www.praxis-am-schmiedeberg.de\/wp-content\/uploads\/2023\/04\/IMG_8289-1-200x300.jpg 200w, https:\/\/www.praxis-am-schmiedeberg.de\/wp-content\/uploads\/2023\/04\/IMG_8289-1-683x1024.jpg 683w, https:\/\/www.praxis-am-schmiedeberg.de\/wp-content\/uploads\/2023\/04\/IMG_8289-1-768x1152.jpg 768w, https:\/\/www.praxis-am-schmiedeberg.de\/wp-content\/uploads\/2023\/04\/IMG_8289-1-1024x1536.jpg 1024w, https:\/\/www.praxis-am-schmiedeberg.de\/wp-content\/uploads\/2023\/04\/IMG_8289-1.jpg 1200w\" sizes=\"auto, (max-width: 200px) 100vw, 200px\" \/><\/figure>\n\n\n\n<p class=\"has-text-align-center\">Susanne Beyn <\/p>\n\n\n\n<p class=\"has-text-align-center\">Fach\u00e4rztin f\u00fcr Allgemeinmedizin, Zusatzbezeichnung Akupunktur <\/p>\n\n\n<p><strong>\u00d6ffnungszeiten<\/strong><\/p>\n<p>Mo\u00a0\u00a0 8-12 Uhr und 15-18 Uhr<\/p>\n<p>Di\u00a0\u00a0\u00a0\u00a0 8-12 Uhr\u00a0\u00a0\u00a0\u00a0\u00a0\u00a0\u00a0 15-18 Uhr<\/p>\n<p>Mi\u00a0\u00a0\u00a0 8-12 Uhr<\/p>\n<p>Do\u00a0\u00a0 8-12 Uhr und 15-18 Uhr<\/p>\n<p>Fr\u00a0\u00a0\u00a0\u00a0 8-12 Uhr und nach Vereinbarung<\/p>\n\n\n<p>Bitte tragen Sie,  sofern Sie an einem Infekt der Atemwege leiden (Erk\u00e4ltung, Husten Corona etc. ) eine FFP2 Maske. Damit sch\u00fctzen Sie uns und unsere Patienten. <\/p>\n\n\n\n<p><strong>Parkpl\u00e4tze<\/strong><\/p>\n\n\n\n<p>Es stehen Ihnen beiden ausgeschilderten Parkpl\u00e4tze incl. des Behindertenparkplatzes und die zwei Parkpl\u00e4tze vor der Doppelgarage links vom Eingang zur Verf\u00fcgung.<\/p>\n\n\n\n<p>Daneben besteht die M\u00f6glichkeit im Greutweg auf den markierten Fl\u00e4chen zu parken.<\/p>\n\n\n\n<p>Bitte nicht in der Sackgasse auf der Stra\u00dfe parken, es besteht Parkverbot. Die Stadt Schw\u00e4bisch Gm\u00fcnd kontrolliert dies.<\/p>\n\n\n\n<p>Vielen Dank!<\/p>\n\n\n\n<p><\/p>\n\n\n\n<p><\/p>\n","protected":false},"excerpt":{"rendered":"<p>In der Hausarztpraxis am Schmiedeberg Schmiedeberg 11,73529 Schw\u00e4bisch Gm\u00fcnd &#8211; Unterbettringen Tel. 07171-959479 0 Sie k\u00f6nnen uns auch per e-mail erreichen info@praxis-am-schmiedeberg.de oder \u00fcber unsere Patienten App https:\/\/meditech-ai.de\/. Fax: 07171-959479 9 Susanne Beyn Fach\u00e4rztin f\u00fcr Allgemeinmedizin, Zusatzbezeichnung Akupunktur \u00d6ffnungszeiten Mo\u00a0\u00a0 8-12 Uhr und 15-18 Uhr Di\u00a0\u00a0\u00a0\u00a0 8-12 Uhr\u00a0\u00a0\u00a0\u00a0\u00a0\u00a0\u00a0 15-18 Uhr Mi\u00a0\u00a0\u00a0 8-12 Uhr Do\u00a0\u00a0 8-12 [&hellip;]<\/p>\n","protected":false},"author":1,"featured_media":117,"parent":0,"menu_order":1,"comment_status":"closed","ping_status":"closed","template":"","meta":{"footnotes":""},"class_list":["post-105","page","type-page","status-publish","has-post-thumbnail","hentry"],"_links":{"self":[{"href":"https:\/\/www.praxis-am-schmiedeberg.de\/index.php?rest_route=\/wp\/v2\/pages\/105","targetHints":{"allow":["GET"]}}],"collection":[{"href":"https:\/\/www.praxis-am-schmiedeberg.de\/index.php?rest_route=\/wp\/v2\/pages"}],"about":[{"href":"https:\/\/www.praxis-am-schmiedeberg.de\/index.php?rest_route=\/wp\/v2\/types\/page"}],"author":[{"embeddable":true,"href":"https:\/\/www.praxis-am-schmiedeberg.de\/index.php?rest_route=\/wp\/v2\/users\/1"}],"replies":[{"embeddable":true,"href":"https:\/\/www.praxis-am-schmiedeberg.de\/index.php?rest_route=%2Fwp%2Fv2%2Fcomments&post=105"}],"version-history":[{"count":40,"href":"https:\/\/www.praxis-am-schmiedeberg.de\/index.php?rest_route=\/wp\/v2\/pages\/105\/revisions"}],"predecessor-version":[{"id":405,"href":"https:\/\/www.praxis-am-schmiedeberg.de\/index.php?rest_route=\/wp\/v2\/pages\/105\/revisions\/405"}],"wp:featuredmedia":[{"embeddable":true,"href":"https:\/\/www.praxis-am-schmiedeberg.de\/index.php?rest_route=\/wp\/v2\/media\/117"}],"wp:attachment":[{"href":"https:\/\/www.praxis-am-schmiedeberg.de\/index.php?rest_route=%2Fwp%2Fv2%2Fmedia&parent=105"}],"curies":[{"name":"wp","href":"https:\/\/api.w.org\/{rel}","templated":true}]}}