{"id":172,"date":"2023-08-27T18:30:31","date_gmt":"2023-08-27T18:30:31","guid":{"rendered":"https:\/\/www.praxis-am-schmiedeberg.de\/?page_id=172"},"modified":"2024-11-29T14:43:08","modified_gmt":"2024-11-29T14:43:08","slug":"praxisorganisation","status":"publish","type":"page","link":"https:\/\/www.praxis-am-schmiedeberg.de\/?page_id=172","title":{"rendered":"Praxisorganisation"},"content":{"rendered":"\n<h2 class=\"wp-block-heading has-medium-font-size\">Unser Ziel ist es, dass Patient:innen bei uns<strong> gut aufgehoben<\/strong> sind und wir dabei <strong>Freude an unserer Arbeit<\/strong> haben \u2013 beides geht aus unserer Sicht Hand in Hand.<br>Grundlage daf\u00fcr ist ein <strong>h\u00f6flicher und freundlicher Umgang<\/strong> miteinander. Wir geben t\u00e4glich unser Bestes f\u00fcr Ihre Gesundheit. Bitte akzeptieren Sie aber auch, dass wir <strong>nicht jeden Wunsch erf\u00fcllen k\u00f6nnen<\/strong> \u2013 aus medizinischen, organisatorischen, aber auch rechtlichen Gr\u00fcnden.<\/h2>\n\n\n\n<p><strong>Bitte sprechen Sie uns an, wenn es ein Problem gibt!<\/strong> Viele Fragen k\u00f6nnen im direkten Gespr\u00e4ch schnell gekl\u00e4rt werden.<\/p>\n\n\n\n<h3 class=\"wp-block-heading has-large-font-size\">Terminpraxis<\/h3>\n\n\n\n<p>Wir sind eine <strong>Terminpraxis<\/strong>: Bitte vereinbaren Sie <strong>Sprechstundentermine telefonisch<\/strong>. <strong>Kommen Sie<\/strong> zu den Terminzeiten <strong>p\u00fcnktlich<\/strong>. Dadurch erm\u00f6glichen Sie uns eine bessere Planung und m\u00f6glichst kurze Wartezeiten. Ohne Termin ist eine Behandlung nur in medizinischen Notf\u00e4llen m\u00f6glich.<\/p>\n\n\n\n<h3 class=\"wp-block-heading has-large-font-size\">Terminvereinbarung<\/h3>\n\n\n\n<p>Bei der Terminvereinbarung m\u00f6chten wir Sie bitten, unserem Team <strong>m\u00f6glichst genau mitzuteilen<\/strong>, um was es geht, damit wir <strong>gen\u00fcgend Zeit f\u00fcr Sie<\/strong> einplanen k\u00f6nnen. Auch ist es wichtig, ob Sie an einer <strong>potentiell ansteckenden Erkrankung<\/strong> leiden, damit wir die Praxisabl\u00e4ufe entsprechend organisieren k\u00f6nnen.<\/p>\n\n\n\n<p>Nutzen Sie hierf\u00fcr auch einfach unsere kostenlose Praxis App <a href=\"https:\/\/meditech-ai.de\/\">https:\/\/meditech-ai.de\/<\/a>.<\/p>\n\n\n\n<h3 class=\"wp-block-heading has-large-font-size\">Medizinische Notf\u00e4lle<\/h3>\n\n\n\n<p>Von Zeit zu Zeit kann es durch <strong>medizinische Notf\u00e4lle<\/strong> in der zeitlichen Praxisplanung zu Herausforderungen kommen \u2013 hier bitten wir Sie um Geduld und Verst\u00e4ndnis daf\u00fcr, dass in medizinischen Arbeitsbereichen <strong>nicht alles planbar<\/strong> ist.<\/p>\n\n\n\n<h3 class=\"wp-block-heading has-large-font-size\">Akuttermine<\/h3>\n\n\n\n<p>F\u00fcr Patient:innen, die aufgrund einer pl\u00f6tzlichen Erkrankung rasch einen Termin ben\u00f6tigen, halten wir sogenannte <strong>Akuttermine<\/strong> frei. Diese sind auf maximal 5 Minuten begrenzt und in dieser Zeit k\u00f6nnen wir uns nur mit <strong>einem akuten<\/strong> Problem besch\u00e4ftigen. Zu diesem Termin k\u00f6nnen Sie zudem einer \u00c4rztin zugeordnet werden, die Sie normalerweise nicht betreut.<\/p>\n\n\n\n<h3 class=\"wp-block-heading has-large-font-size\">Regul\u00e4re Sprechstundentermine<\/h3>\n\n\n\n<p><strong>Regul\u00e4re Sprechstundentermine<\/strong> umfassen maximal 15 Minuten, hier werden Sie der \u00c4rztin zugeordnet, die Sie bereits kennt und regelm\u00e4\u00dfig behandelt. Wenn Sie uns mitteilen, dass Sie mehrere oder komplexere Anliegen besprechen m\u00f6chten, kann gegebenenfalls ein Doppeltermin vergeben werden.<\/p>\n\n\n\n<h3 class=\"wp-block-heading has-large-font-size\">Absagen<\/h3>\n\n\n\n<p><strong>Sagen Sie bitte Termine zeitnah ab<\/strong>, sollten Sie verhindert sein, damit wir diese neu vergeben k\u00f6nnen.<\/p>\n\n\n\n<h3 class=\"wp-block-heading has-large-font-size\">Versichertenkarte<\/h3>\n\n\n\n<p>Wir k\u00f6nnen eine <strong>Behandlung<\/strong> bei gesetzlich versicherten Patient:innen <strong>nur mit Versichertenkarte<\/strong> vornehmen.<\/p>\n\n\n\n<h3 class=\"wp-block-heading has-large-font-size\">Impfpass<\/h3>\n\n\n\n<p>Impfungen erfolgen aus Gr\u00fcnden der Patientensicherheit <strong>nur mit Impfpass<\/strong>.<\/p>\n\n\n\n<h3 class=\"wp-block-heading has-large-font-size\">Hygieneregeln<\/h3>\n\n\n\n<p>Unser Praxisteam beachtet <strong>Hygiene<\/strong>regeln; wir desinfizieren uns regelm\u00e4\u00dfig die H\u00e4nde.<strong> <\/strong><\/p>\n\n\n\n<h3 class=\"wp-block-heading has-large-font-size\">Datenschutz<\/h3>\n\n\n\n<p>Aus Gr\u00fcnden des <strong>Datenschutzes<\/strong> bitten wir Sie um <strong>Abstand<\/strong> \u2013 beispielsweise an der Anmeldung \u2013 und in der Praxis <strong>nicht zu telefonieren oder zu fotografieren<\/strong>. Aus diesem Grund verzichten wir aktuell auch <strong>auf eine E-Mail-Kommunikation<\/strong> \u00fcber medizinische Inhalte.<\/p>\n\n\n\n<h3 class=\"wp-block-heading has-large-font-size\">Leistungen<\/h3>\n\n\n\n<p>Bei <strong>Leistungen, die nicht von Ihrer Krankenkasse \u00fcbernommen werden<\/strong>, werden wir Sie \u00fcber die H\u00f6he der Kosten vor Erbringen der Leistung informieren und Ihnen diese in Rechnung stellen. Darunter fallen beispielsweise Atteste und Bescheinigungen.<\/p>\n","protected":false},"excerpt":{"rendered":"<p>Unser Ziel ist es, dass Patient:innen bei uns gut aufgehoben sind und wir dabei Freude an unserer Arbeit haben \u2013 beides geht aus unserer Sicht Hand in Hand.Grundlage daf\u00fcr ist ein h\u00f6flicher und freundlicher Umgang miteinander. Wir geben t\u00e4glich unser Bestes f\u00fcr Ihre Gesundheit. Bitte akzeptieren Sie aber auch, dass wir nicht jeden Wunsch erf\u00fcllen [&hellip;]<\/p>\n","protected":false},"author":1,"featured_media":125,"parent":105,"menu_order":20,"comment_status":"closed","ping_status":"closed","template":"","meta":{"footnotes":""},"class_list":["post-172","page","type-page","status-publish","has-post-thumbnail","hentry"],"_links":{"self":[{"href":"https:\/\/www.praxis-am-schmiedeberg.de\/index.php?rest_route=\/wp\/v2\/pages\/172","targetHints":{"allow":["GET"]}}],"collection":[{"href":"https:\/\/www.praxis-am-schmiedeberg.de\/index.php?rest_route=\/wp\/v2\/pages"}],"about":[{"href":"https:\/\/www.praxis-am-schmiedeberg.de\/index.php?rest_route=\/wp\/v2\/types\/page"}],"author":[{"embeddable":true,"href":"https:\/\/www.praxis-am-schmiedeberg.de\/index.php?rest_route=\/wp\/v2\/users\/1"}],"replies":[{"embeddable":true,"href":"https:\/\/www.praxis-am-schmiedeberg.de\/index.php?rest_route=%2Fwp%2Fv2%2Fcomments&post=172"}],"version-history":[{"count":3,"href":"https:\/\/www.praxis-am-schmiedeberg.de\/index.php?rest_route=\/wp\/v2\/pages\/172\/revisions"}],"predecessor-version":[{"id":355,"href":"https:\/\/www.praxis-am-schmiedeberg.de\/index.php?rest_route=\/wp\/v2\/pages\/172\/revisions\/355"}],"up":[{"embeddable":true,"href":"https:\/\/www.praxis-am-schmiedeberg.de\/index.php?rest_route=\/wp\/v2\/pages\/105"}],"wp:featuredmedia":[{"embeddable":true,"href":"https:\/\/www.praxis-am-schmiedeberg.de\/index.php?rest_route=\/wp\/v2\/media\/125"}],"wp:attachment":[{"href":"https:\/\/www.praxis-am-schmiedeberg.de\/index.php?rest_route=%2Fwp%2Fv2%2Fmedia&parent=172"}],"curies":[{"name":"wp","href":"https:\/\/api.w.org\/{rel}","templated":true}]}}