{"id":174,"date":"2023-08-27T19:16:49","date_gmt":"2023-08-27T19:16:49","guid":{"rendered":"https:\/\/www.praxis-am-schmiedeberg.de\/?page_id=174"},"modified":"2023-08-27T19:16:49","modified_gmt":"2023-08-27T19:16:49","slug":"hausarztmodell","status":"publish","type":"page","link":"https:\/\/www.praxis-am-schmiedeberg.de\/?page_id=174","title":{"rendered":"Hausarztmodell"},"content":{"rendered":"\n<p>Die HzV bzw. das Hausarztmodell ist ein Angebot der gesetzlichen Krankenkassen in Kooperation mit niedergelassenen Haus\u00e4rzt:innen f\u00fcr die Versicherten. Sie ist ein Erfolgsmodell, das von Baden-W\u00fcrttemberg aus inzwischen in ganz Deutschland verbreitet wurde.<\/p>\n\n\n\n<h3 class=\"wp-block-heading\">Wie l\u00e4uft die Versorgung im Hausarztmodell ab?<\/h3>\n\n\n\n<p>Die Teilnahme ist <strong>kostenlos<\/strong>. Sie best\u00e4tigen mit Ihrer Unterschrift, dass wir Ihre Hausarztpraxis sind. Wir sind <strong>Ihre ersten Ansprechpartnerinnen<\/strong> bei allen gesundheitlichen Fragen und sind als Lotsinnen im Gesundheitssystem f\u00fcr Sie da. Bei Bedarf stellen wir Ihnen gerne eine \u00dcberweisung zu einer anderen Fach\u00e4rztin\/einem anderen Facharzt aus. Daf\u00fcr erhalten wir auch in der Regel einen Arztbrief von den Kolleg:innen, sodass wir immer den \u00dcberblick \u00fcber anstehende Untersuchungen und vorliegende Befunde haben.<\/p>\n\n\n\n<h3 class=\"wp-block-heading\">Vorteile in der HzV f\u00fcr Sie und f\u00fcr uns<\/h3>\n\n\n\n<ul class=\"wp-block-list\">\n<li><strong>Wir k\u00f6nnen uns Zeit f\u00fcr Ihre Behandlung nehmen!<\/strong> Statt f\u00fcr oft unn\u00f6tige technische Untersuchungen und viel B\u00fcrokratie werden wir f\u00fcr die haus\u00e4rztliche Betreuung bezahlt \u2013 und k\u00f6nnen uns ganz Ihrer Gesundheit widmen.<\/li>\n\n\n\n<li>Alle an der HzV teilnehmenden \u00c4rzt:innen sind zu <strong>regelm\u00e4\u00dfiger, hausarztspezifischer Fortbildung<\/strong> verpflichtet, die frei von wirtschaftlichen Interessen der Pharmafirmen ist.<\/li>\n\n\n\n<li><strong>Doppeluntersuchungen werden verhindert<\/strong>, stattdessen werden alle wichtigen Befunde bei Ihrer Haus\u00e4rztin zusammengef\u00fchrt. Das f\u00fchrt zu einer <strong>besseren Behandlungsqualit\u00e4t<\/strong> \u2013 wir behalten den \u00dcberblick f\u00fcr Sie, was notwendige Kontrolluntersuchungen, problematische Wechselwirkungen von Medikamenten uvm. betrifft.<\/li>\n<\/ul>\n\n\n\n<ul class=\"wp-block-list\">\n<li><strong>Durch eine bessere und einfachere Abrechnung wird Ihre haus\u00e4rztliche Versorgung gesichert! <\/strong>Viele Hausarztpraxen w\u00fcrden ohne dieses Modell nicht mehr existieren, da stetig steigende B\u00fcrokratie und komplexe Abrechnungskonzepte immer weniger kostendeckend sind.<\/li>\n\n\n\n<li><strong>Weitere Vorteile sind abh\u00e4ngig von Ihrer Krankenkasse<\/strong>, erkundigen Sie sich gern bei uns oder direkt bei Ihrer Versicherung. Zum Beispiel k\u00f6nnen Zuzahlungen f\u00fcr Medikamente entfallen, ansonsten kostenpflichtige Untersuchungen \u00fcbernommen werden oder mehr Laborwerte beim Gesundheits-Check inklusive sein.<\/li>\n\n\n\n<li><strong>Sollten Sie sich zus\u00e4tzlich f\u00fcr das Facharztprogramm entscheiden, k\u00f6nnen Sie bei vielen Fach\u00e4rzt:innen schneller Termine erhalten!<\/strong><\/li>\n<\/ul>\n\n\n\n<p>Deshalb unsere Bitte: <strong>Schreiben Sie sich bei uns in das Hausarztmodell Ihrer Krankenkasse ein<\/strong> &#8211; f\u00fcr eine gute medizinische Versorgung und f\u00fcr die Sicherstellung der haus\u00e4rztlichen Versorgung in Unterbettringen. Vielen Dank!<\/p>\n","protected":false},"excerpt":{"rendered":"<p>Die HzV bzw. das Hausarztmodell ist ein Angebot der gesetzlichen Krankenkassen in Kooperation mit niedergelassenen Haus\u00e4rzt:innen f\u00fcr die Versicherten. Sie ist ein Erfolgsmodell, das von Baden-W\u00fcrttemberg aus inzwischen in ganz Deutschland verbreitet wurde. Wie l\u00e4uft die Versorgung im Hausarztmodell ab? Die Teilnahme ist kostenlos. Sie best\u00e4tigen mit Ihrer Unterschrift, dass wir Ihre Hausarztpraxis sind. Wir [&hellip;]<\/p>\n","protected":false},"author":1,"featured_media":125,"parent":105,"menu_order":30,"comment_status":"closed","ping_status":"closed","template":"","meta":{"footnotes":""},"class_list":["post-174","page","type-page","status-publish","has-post-thumbnail","hentry"],"_links":{"self":[{"href":"https:\/\/www.praxis-am-schmiedeberg.de\/index.php?rest_route=\/wp\/v2\/pages\/174","targetHints":{"allow":["GET"]}}],"collection":[{"href":"https:\/\/www.praxis-am-schmiedeberg.de\/index.php?rest_route=\/wp\/v2\/pages"}],"about":[{"href":"https:\/\/www.praxis-am-schmiedeberg.de\/index.php?rest_route=\/wp\/v2\/types\/page"}],"author":[{"embeddable":true,"href":"https:\/\/www.praxis-am-schmiedeberg.de\/index.php?rest_route=\/wp\/v2\/users\/1"}],"replies":[{"embeddable":true,"href":"https:\/\/www.praxis-am-schmiedeberg.de\/index.php?rest_route=%2Fwp%2Fv2%2Fcomments&post=174"}],"version-history":[{"count":2,"href":"https:\/\/www.praxis-am-schmiedeberg.de\/index.php?rest_route=\/wp\/v2\/pages\/174\/revisions"}],"predecessor-version":[{"id":178,"href":"https:\/\/www.praxis-am-schmiedeberg.de\/index.php?rest_route=\/wp\/v2\/pages\/174\/revisions\/178"}],"up":[{"embeddable":true,"href":"https:\/\/www.praxis-am-schmiedeberg.de\/index.php?rest_route=\/wp\/v2\/pages\/105"}],"wp:featuredmedia":[{"embeddable":true,"href":"https:\/\/www.praxis-am-schmiedeberg.de\/index.php?rest_route=\/wp\/v2\/media\/125"}],"wp:attachment":[{"href":"https:\/\/www.praxis-am-schmiedeberg.de\/index.php?rest_route=%2Fwp%2Fv2%2Fmedia&parent=174"}],"curies":[{"name":"wp","href":"https:\/\/api.w.org\/{rel}","templated":true}]}}