{"id":179,"date":"2023-09-01T10:25:47","date_gmt":"2023-09-01T10:25:47","guid":{"rendered":"https:\/\/www.praxis-am-schmiedeberg.de\/?page_id=179"},"modified":"2026-04-10T09:00:24","modified_gmt":"2026-04-10T09:00:24","slug":"rezeptbestellung","status":"publish","type":"page","link":"https:\/\/www.praxis-am-schmiedeberg.de\/?page_id=179","title":{"rendered":"Rezeptbestellung"},"content":{"rendered":"\n<p><strong>Zur Bestellung von Rezepten&nbsp;oder \u00dcberweisungen w\u00e4hlen&nbsp;Sie bitte unter den folgenden Optionen aus:<\/strong><\/p>\n\n\n\n<ul class=\"wp-block-list\">\n<li>per Telefon: 07171-959479 8 (24 Stunden erreichbar, Anrufbeantworter)<\/li>\n\n\n\n<li>per Fax: 07171-959479 9<\/li>\n\n\n\n<li>per Einwurf in unseren Briefkasten<\/li>\n\n\n\n<li>Nutzen Sie hierf\u00fcr auch einfach unsere kostenlose Praxis App. Eine Anleitung hierf\u00fcr finden Sie auf der Seite aktuelles.<\/li>\n<\/ul>\n\n\n\n<p>F\u00fcr die Bearbeitung Ihrer Rezept- bzw. \u00dcber\u00adweisungs\u00adw\u00fcnsche ben\u00f6tigen wir einen Werktag (24 Std.). Bitte haben Sie Verst\u00e4ndnis, dass wir keine Rezept- oder \u00dcberweisungsw\u00fcnsche am Termin\u00advergabe-Telefon entgegen nehmen.<\/p>\n\n\n\n<p><strong>Hinweis:<\/strong><\/p>\n\n\n\n<p>Bei Erstverordnungen von Medikamenten ist zun\u00e4chst ein Termin bei Ihrer \u00c4rztin zur Absprache erforderlich.<\/p>\n\n\n\n<p><strong>Bitte beachten Sie bei der Bestellung von Rezepten:<\/strong>&nbsp;<\/p>\n\n\n\n<p>Wir ben\u00f6tigen Ihren vollen Namen,&nbsp;Ihr Geburtsdatum und eine Telefonnummer f\u00fcr R\u00fcckfragen.<\/p>\n\n\n\n<p>Nennen Sie uns f\u00fcr jedes einzelne Medikament den Namen des Pr\u00e4parats, die Dosis und die Packungsgr\u00f6\u00dfe.&nbsp;Gern&nbsp;k\u00f6nnen Sie auch den gesamten Quartalsbedarf auf einmal ordern.&nbsp;<\/p>\n\n\n\n<p><strong>Bitte beachten Sie bei der Bestellung von \u00dcberweisungen:<\/strong><\/p>\n\n\n\n<p>Wir ben\u00f6tigen Ihren vollen Namen,&nbsp;Ihr Geburtsdatum und eine Telefonnummer f\u00fcr R\u00fcck\u00adfragen.<\/p>\n\n\n\n<p>Nennen&nbsp;Sie die Fachrichtung, f\u00fcr die Sie eine \u00dcber\u00adweisung ben\u00f6tigen und den Grund f\u00fcr die dortige Vorstellung. Sollte es sich um eine Wieder\u00adholungs\u00fcberweisung handeln, teilen Sie uns dies bitte ebenfalls mit.<\/p>\n\n\n\n<p><strong>Bitte beachten Sie au\u00dferdem:&nbsp;<\/strong><\/p>\n\n\n\n<p>Medizinischen Fragen k\u00f6nnen wir leider nicht auf elektronischem Weg annehmen.&nbsp;<\/p>\n\n\n\n<p>Bitte wenden Sie sich in diesen F\u00e4llen telefonisch an unser Team.<\/p>\n\n\n\n<h1 class=\"wp-block-heading\" id=\"cc-m-header-7255398411\">WARUM BEN\u00d6TIGEN WIR 24 STUNDEN ZEIT F\u00dcR DIE REZEPTERSTELLUNG?<\/h1>\n\n\n\n<p><strong>Liebe Patientinnen, liebe Patienten,<\/strong><\/p>\n\n\n\n<p>immer wenn Sie in die Praxis kommen und um ein neues Rezept bitten, ist dies ein <strong>komplexer Vorgang<\/strong>.<\/p>\n\n\n\n<p>Was wir Haus\u00e4rzte alles bedenken m\u00fcssen, wenn wir ein Rezept ausstellen, haben wir Ihnen hier aufgelistet:<\/p>\n\n\n\n<ol class=\"wp-block-list\">\n<li>Hat der Patient seine Krankenkassenkarte vorgelegt?<\/li>\n\n\n\n<li>Gibt es M\u00f6glichkeiten, jetzt ohne Medikament zu behandeln?<\/li>\n\n\n\n<li>Ist es das richtige Medikament f\u00fcr diese Krankheit?<\/li>\n\n\n\n<li>Ist die gew\u00fcnschte Wirkung eingetreten?<\/li>\n\n\n\n<li>Soll die Dosierung so beibehalten werden?<\/li>\n\n\n\n<li>Gab es Nebenwirkungen? Allergien?<\/li>\n\n\n\n<li>Soll das Mittel \u00fcberhaupt weiter eingenommen werden?<\/li>\n\n\n\n<li>Stimmt es mit dem Medikamentenplan \u00fcberein?<\/li>\n\n\n\n<li>Ist es plausibel, dass die Tabletten verbraucht sind?<\/li>\n\n\n\n<li>Besteht Suchtgefahr bei zu h\u00e4ufiger Einnahme?<\/li>\n\n\n\n<li>Vertr\u00e4gt sich das Medikament mit anderen, eventuell von spezialisierten Fach\u00e4rzten verordneten Medikamenten?<\/li>\n\n\n\n<li>Sind Laborabnahmen w\u00e4hrend der Medikamenteneinnahme notwendig?<\/li>\n\n\n\n<li>Ist die Verordnung ausreichend, zweckm\u00e4\u00dfig und wirtschaftlich und \u00fcbersteigt nicht das Ma\u00df des Notwendigen?<br>(siehe \u00a72 und \u00a731 des F\u00fcnften Sozialgesetzbuches)<\/li>\n\n\n\n<li>Gibt es die Substanz jetzt &#8222;frei verk\u00e4uflich&#8220;?<br>(siehe \u00a734 Abs. 1&nbsp;des F\u00fcnften Sozialgesetzbuches: keine Verordnung von rezeptfreien Medikamenten f\u00fcr Erwachsene.)<\/li>\n\n\n\n<li>Handelt es sich um eine &#8222;geringf\u00fcgige Gesundheitsst\u00f6rung&#8220;?<br>(siehe \u00a734 Abs. 2 des F\u00fcnften Sozialgesetzbuches: keine Verordnung bei &#8222;geringf\u00fcgigen Gesundheitsst\u00f6rungen&#8220;.)<\/li>\n\n\n\n<li>Oder ist es dennoch verordnungsf\u00e4hig aufgrund der Ausnahmeliste des Gemeinsamen Bundesausschlusses?<\/li>\n\n\n\n<li>Ber\u00fccksichtigung von Sonderregelungen im Rahmen des \u00a784 Abs. 7a des F\u00fcnften Sozialgesetzbuches<br>(Belohnung oder Bestrafung von \u00c4rzten, je nachdem, wie g\u00fcnstig sie verordnen).<\/li>\n\n\n\n<li>Ber\u00fccksichtigung von Sonderregelungen im Rahmen von Vorsorgeprogrammen wie Diabetes&nbsp;<br>(\u00a7137f Abs. 7a des F\u00fcnften Sozialgesetzbuches).<\/li>\n\n\n\n<li>Ber\u00fccksichtigung von Regressen (der Arzt muss selbst zahlen, was er zu viel verordnet)<br>(\u00a784 des F\u00fcnften Sozialgesetzbuches).<\/li>\n\n\n\n<li>Vermeiden von Medikamenten sogenannter Me-too-Listen (Medikamente ohne nachgewiesenen zus\u00e4tzlichen Nutzen).<\/li>\n\n\n\n<li>Ber\u00fccksichtigung von Rabattvertr\u00e4gen nach \u00a7130 des F\u00fcnften Sozialgesetzbuches (die Pharmakonzerne bieten ihre Medikamente billiger an, wenn daf\u00fcr alle Patienten einer bestimmten Krankenkasse das Medikament dieses Konzerns in der Apotheke erhalten).<\/li>\n\n\n\n<li>Ber\u00fccksichtigung der Regelung f\u00fcr Zuzahlungsbefreiungen (f\u00fcr besonders preiswerte Medikamente m\u00fcssen auch nicht befreite Patienten nichts in der Apotheke zuzahlen) gem\u00e4\u00df \u00a7\u00a761,62 und 125 des F\u00fcnften Sozialgesetzbuches.&nbsp;<\/li>\n<\/ol>\n\n\n\n<p><strong>Alles nicht ganz einfach. Haben Sie daher bitte Verst\u00e4ndnis, dass wir Ihren Rezeptwunsch nicht &#8222;mal eben&#8220; pr\u00fcfen k\u00f6nnen.&nbsp;<\/strong><strong>Geben Sie uns bitte Zeit, dies verantwortungsvoll zu tun.<\/strong><\/p>\n","protected":false},"excerpt":{"rendered":"<p>Zur Bestellung von Rezepten&nbsp;oder \u00dcberweisungen w\u00e4hlen&nbsp;Sie bitte unter den folgenden Optionen aus: F\u00fcr die Bearbeitung Ihrer Rezept- bzw. \u00dcber\u00adweisungs\u00adw\u00fcnsche ben\u00f6tigen wir einen Werktag (24 Std.). Bitte haben Sie Verst\u00e4ndnis, dass wir keine Rezept- oder \u00dcberweisungsw\u00fcnsche am Termin\u00advergabe-Telefon entgegen nehmen. Hinweis: Bei Erstverordnungen von Medikamenten ist zun\u00e4chst ein Termin bei Ihrer \u00c4rztin zur Absprache erforderlich. Bitte [&hellip;]<\/p>\n","protected":false},"author":1,"featured_media":125,"parent":105,"menu_order":35,"comment_status":"closed","ping_status":"closed","template":"","meta":{"footnotes":""},"class_list":["post-179","page","type-page","status-publish","has-post-thumbnail","hentry"],"_links":{"self":[{"href":"https:\/\/www.praxis-am-schmiedeberg.de\/index.php?rest_route=\/wp\/v2\/pages\/179","targetHints":{"allow":["GET"]}}],"collection":[{"href":"https:\/\/www.praxis-am-schmiedeberg.de\/index.php?rest_route=\/wp\/v2\/pages"}],"about":[{"href":"https:\/\/www.praxis-am-schmiedeberg.de\/index.php?rest_route=\/wp\/v2\/types\/page"}],"author":[{"embeddable":true,"href":"https:\/\/www.praxis-am-schmiedeberg.de\/index.php?rest_route=\/wp\/v2\/users\/1"}],"replies":[{"embeddable":true,"href":"https:\/\/www.praxis-am-schmiedeberg.de\/index.php?rest_route=%2Fwp%2Fv2%2Fcomments&post=179"}],"version-history":[{"count":5,"href":"https:\/\/www.praxis-am-schmiedeberg.de\/index.php?rest_route=\/wp\/v2\/pages\/179\/revisions"}],"predecessor-version":[{"id":419,"href":"https:\/\/www.praxis-am-schmiedeberg.de\/index.php?rest_route=\/wp\/v2\/pages\/179\/revisions\/419"}],"up":[{"embeddable":true,"href":"https:\/\/www.praxis-am-schmiedeberg.de\/index.php?rest_route=\/wp\/v2\/pages\/105"}],"wp:featuredmedia":[{"embeddable":true,"href":"https:\/\/www.praxis-am-schmiedeberg.de\/index.php?rest_route=\/wp\/v2\/media\/125"}],"wp:attachment":[{"href":"https:\/\/www.praxis-am-schmiedeberg.de\/index.php?rest_route=%2Fwp%2Fv2%2Fmedia&parent=179"}],"curies":[{"name":"wp","href":"https:\/\/api.w.org\/{rel}","templated":true}]}}