{"id":26,"date":"2023-03-23T09:14:17","date_gmt":"2023-03-23T09:14:17","guid":{"rendered":"http:\/\/praxis-am-schmiedeberg.de\/?page_id=26"},"modified":"2026-04-10T08:23:35","modified_gmt":"2026-04-10T08:23:35","slug":"aktuelles","status":"publish","type":"page","link":"https:\/\/www.praxis-am-schmiedeberg.de\/?page_id=26","title":{"rendered":"Aktuelles"},"content":{"rendered":"\n<p class=\"has-x-large-font-size\">Wir erholen uns -Zeit f\u00fcr die Familie<\/p>\n\n\n\n<p class=\"has-x-large-font-size\">Die Praxis ist in den Pfingstferien vom  und 26. Mai &#8211; 05. Juni  2026 geschlossen.<\/p>\n\n\n\n<p class=\"has-x-large-font-size\">Die Vertretung \u00fcbernimmt die Bettringer Haus\u00e4rzteschaft <\/p>\n\n\n\n<p class=\"has-x-large-font-size\"><strong> Unsere Patienten App<\/strong><\/p>\n\n\n\n<ol class=\"wp-block-list\">\n<li>App im App Store oder bei Google &#8211; Play Store kostenlos herunterladen <a href=\"https:\/\/meditech-ai.de\/.\">https:\/\/meditech-ai.de\/.<\/a><\/li>\n\n\n\n<li>Benutzerkonto erstellen<\/li>\n\n\n\n<li>In der Arztpraxis mit QR-Code koppeln<\/li>\n\n\n\n<li>Flexibel von \u00fcberall Medikamente bestellen oder einen Termin vereinbaren<\/li>\n<\/ol>\n\n\n\n<p><\/p>\n\n\n\n<p class=\"has-small-font-size\"><\/p>\n\n\n\n<p class=\"has-text-align-left has-medium-font-size\"><strong><mark style=\"background-color:rgba(0, 0, 0, 0)\" class=\"has-inline-color has-contrast-color\">Wichtig<\/mark><\/strong>:<\/p>\n\n\n\n<p class=\"has-text-align-left\">Um Ihre Wartezeit zu verk\u00fcrzen, w\u00e4re es sch\u00f6n, wenn Sie uns Ihre ausgef\u00fcllte Datenschutzerkl\u00e4rung in den Briefkasten werfen oder mitbringen w\u00fcrden.<\/p>\n\n\n\n<p class=\"has-text-align-left\">Die Datenschutzerzkl\u00e4rung finden Sie hier:<\/p>\n\n\n\n<div class=\"wp-block-file\"><a id=\"wp-block-file--media-53e3eaf1-6d40-48ea-b2c9-049181e82017\" href=\"https:\/\/www.praxis-am-schmiedeberg.de\/wp-content\/uploads\/2023\/08\/DatenschutzerklaerungSB-2.pdf\">DatenschutzerklaerungSB-2<\/a><a href=\"https:\/\/www.praxis-am-schmiedeberg.de\/wp-content\/uploads\/2023\/08\/DatenschutzerklaerungSB-2.pdf\" class=\"wp-block-file__button wp-element-button\" download aria-describedby=\"wp-block-file--media-53e3eaf1-6d40-48ea-b2c9-049181e82017\">Herunterladen<\/a><\/div>\n\n\n\n<p><\/p>\n\n\n\n<p class=\"has-large-font-size\"><strong> eRezept<\/strong> <strong>jetzt auch bei uns <\/strong><\/p>\n\n\n\n<p>Wenn Ihre Versichertenkarten eingelesen worden ist, k\u00f6nnen wir Medikamente die Sie sonst auf \u201erosa Rezept\u201c bekommen haben f\u00fcr dieses Quartal als <strong>\u201eeRezept\u201c<\/strong> verordnen. Dieses k\u00f6nnen Sie einfach in der Apotheke durch Stecken der Versichertenkarte abrufen. So sparen wir in Zukunft Wege und Papier!<\/p>\n\n\n\n<p>Sollte Ihr Medikament dort nicht nach 24 Stunden abrufbar sein, so waren Sie schneller als wir, denn auch wir brauchen Zeit f\u00fcr sorgf\u00e4ltige Arbeit. Also einfach am Folgetag erneut versuchen! Nur wenn es dann noch nicht klappt, bitte bei uns melden: Vermutlich hatten wir eine R\u00fcckfrage, aber Sie noch nicht erreicht.<\/p>\n\n\n\n<p>Ein Quartal beginnt am 1.Januar\/1.April\/1.Juli\/1.Oktober. Bitte dann immer wieder die Karte neu vorlegen!<\/p>\n\n\n\n<p><strong>Weitere Informationen erhalten Sie unter <\/strong><\/p>\n\n\n\n<p><a href=\"http:\/\/www.das-e-rezept-fuer-deutschland.de\">http:\/\/www.das-e-rezept-fuer-deutschland.de<\/a><\/p>\n\n\n\n<p><\/p>\n","protected":false},"excerpt":{"rendered":"<p>Wir erholen uns -Zeit f\u00fcr die Familie Die Praxis ist in den Pfingstferien vom und 26. Mai &#8211; 05. Juni 2026 geschlossen. Die Vertretung \u00fcbernimmt die Bettringer Haus\u00e4rzteschaft Unsere Patienten App Wichtig: Um Ihre Wartezeit zu verk\u00fcrzen, w\u00e4re es sch\u00f6n, wenn Sie uns Ihre ausgef\u00fcllte Datenschutzerkl\u00e4rung in den Briefkasten werfen oder mitbringen w\u00fcrden. Die Datenschutzerzkl\u00e4rung [&hellip;]<\/p>\n","protected":false},"author":1,"featured_media":125,"parent":105,"menu_order":40,"comment_status":"closed","ping_status":"closed","template":"","meta":{"footnotes":""},"class_list":["post-26","page","type-page","status-publish","has-post-thumbnail","hentry"],"_links":{"self":[{"href":"https:\/\/www.praxis-am-schmiedeberg.de\/index.php?rest_route=\/wp\/v2\/pages\/26","targetHints":{"allow":["GET"]}}],"collection":[{"href":"https:\/\/www.praxis-am-schmiedeberg.de\/index.php?rest_route=\/wp\/v2\/pages"}],"about":[{"href":"https:\/\/www.praxis-am-schmiedeberg.de\/index.php?rest_route=\/wp\/v2\/types\/page"}],"author":[{"embeddable":true,"href":"https:\/\/www.praxis-am-schmiedeberg.de\/index.php?rest_route=\/wp\/v2\/users\/1"}],"replies":[{"embeddable":true,"href":"https:\/\/www.praxis-am-schmiedeberg.de\/index.php?rest_route=%2Fwp%2Fv2%2Fcomments&post=26"}],"version-history":[{"count":68,"href":"https:\/\/www.praxis-am-schmiedeberg.de\/index.php?rest_route=\/wp\/v2\/pages\/26\/revisions"}],"predecessor-version":[{"id":417,"href":"https:\/\/www.praxis-am-schmiedeberg.de\/index.php?rest_route=\/wp\/v2\/pages\/26\/revisions\/417"}],"up":[{"embeddable":true,"href":"https:\/\/www.praxis-am-schmiedeberg.de\/index.php?rest_route=\/wp\/v2\/pages\/105"}],"wp:featuredmedia":[{"embeddable":true,"href":"https:\/\/www.praxis-am-schmiedeberg.de\/index.php?rest_route=\/wp\/v2\/media\/125"}],"wp:attachment":[{"href":"https:\/\/www.praxis-am-schmiedeberg.de\/index.php?rest_route=%2Fwp%2Fv2%2Fmedia&parent=26"}],"curies":[{"name":"wp","href":"https:\/\/api.w.org\/{rel}","templated":true}]}}