{"id":32,"date":"2023-03-23T09:56:39","date_gmt":"2023-03-23T09:56:39","guid":{"rendered":"http:\/\/praxis-am-schmiedeberg.de\/?page_id=32"},"modified":"2023-08-30T16:22:44","modified_gmt":"2023-08-30T16:22:44","slug":"impressum-rechtliche-hinweise","status":"publish","type":"page","link":"https:\/\/www.praxis-am-schmiedeberg.de\/?page_id=32","title":{"rendered":"Impressum &#038; Rechtliche Hinweise"},"content":{"rendered":"\n<h4 class=\"wp-block-heading has-medium-font-size\">Verantwortlich f\u00fcr den Inhalt:<\/h4>\n\n\n\n<h3 class=\"wp-block-heading has-medium-font-size\">Pflichtangaben nach \u00a7 6 Teledienstgesetz (TDG)<\/h3>\n\n\n\n<p>Name:&nbsp;Susanne Beyn<br>Praxisanschrift: Schmiedeberg 11, 73529 Schw\u00e4bisch Gm\u00fcnd<br>Telefon: 07171<\/p>\n\n\n\n<p>Telefax : 07171-<br>E-Mail info@praxis-am-schmiedeberg.de<br>Gesetzliche Berufsbezeichnung: \u00c4rztin<br>Staat: Bundesrepublik Deutschland<\/p>\n\n\n\n<p>\u00c4rztekammer:<\/p>\n\n\n\n<p>\u00c4rztekammer Baden W\u00fcrttemberg <br>Jahnstra\u00dfe 5<br>70597 Stuttgart<br><a href=\"http:\/\/www.aekn.de\/\" target=\"_blank\" rel=\"noreferrer noopener\">www.aerztekammer-bw.de<br><\/a><\/p>\n\n\n\n<p>Aufsichtsbeh\u00f6rde:<br>Kassen\u00e4rztliche Vereinigung Baden-W\u00fcrttemberg<br>Albstadtweg 11<br>70567 Stuttgart<br><a href=\"http:\/\/www.kvn.de\" target=\"_blank\" rel=\"noreferrer noopener\">www.kvbawue.de<\/a><\/p>\n\n\n\n<p>Berufsrechtliche Regelungen:<br>Berufsordnung f\u00fcr die \u00c4rzte Bade-W\u00fcrttembergs, nachzulesen auf der Website der \u00c4rztekammer Baden-W\u00fcrttemberg: <a href=\"http:\/\/www.aekn.de\" target=\"_blank\" rel=\"noreferrer noopener\">www.baek-nw.de<\/a><br><br><br>Copyright<br>Diese Seiten sind urheberrechtlich gesch\u00fctzt.<br>\u00a9 Copyright 2023 by Susanne Beyn<\/p>\n\n\n\n<p>Inhalte der Website d\u00fcrfen nur nach vorheriger schriftlicher Freigabe weiterverwendet werden.<br><br><br>Technische Unterst\u00fctzung erhalten Sie beim Webmaster: <\/p>\n\n\n\n<p>info@praxis-am-schmiedeberg.de<br><br>Haftungsausschluss:<br>Diese Internetseiten enthalten Links zu anderen Seiten im Internet, auf deren Gestaltung und Inhalte wir keinen Einfluss haben. Wir distanzieren uns deshalb ausdr\u00fccklich von s\u00e4mtlichen Inhalten aller gelinkten Seiten.<br><br>Alle Informationen und Funktionen dieser Internetseiten wurden mit gr\u00f6\u00dftm\u00f6glicher Sorgfalt kontrolliert, dennoch haftet der Betreiber der Website nicht f\u00fcr Sch\u00e4den, die in Zusammenhang mit der Verwendung dieser Inhalte entstehen k\u00f6nnten.<br><br>F\u00fcr Hinweise auf etwaige Fehler, f\u00fcr Lob oder Kritik sind wir Ihnen dankbar:<br>info@praxis-am-schmiedeberg.de<br><br>Alle Inhalte dieser Internetseiten sind frei vom Einfluss irgendwelcher Sponsoren.<\/p>\n\n\n\n<p><\/p>\n\n\n\n<p><strong>Datenschutz<\/strong><\/p>\n\n\n\n<h1 class=\"wp-block-heading has-medium-font-size\">Datenschutzerkl\u00e4rung<\/h1>\n\n\n\n<p>Geltungsbereich<\/p>\n\n\n\n<p>Diese Datenschutzerkl\u00e4rung soll die Nutzer dieser Website gem\u00e4\u00df DSGVO, Bundesdatenschutzgesetz und Telemediengesetz \u00fcber die Art, den Umfang und den Zweck der Erhebung und Verwendung personenbezogener Daten durch den Websitebetreiber informieren und erg\u00e4nzt Angaben die unter &#8222;Rechtliches&#8220; gemacht wurden.<\/p>\n\n\n\n<p>Der Websitebetreiber nimmt Ihren Datenschutz sehr ernst und behandelt Ihre personenbezogenen Daten vertraulich und entsprechend der gesetzlichen Vorschriften.<\/p>\n\n\n\n<p>Bedenken Sie, dass die Daten\u00fcbertragung im Internet grunds\u00e4tzlich mit Sicherheitsl\u00fccken bedacht sein kann. Ein vollumf\u00e4nglicher Schutz vor dem Zugriff durch Fremde ist nicht realisierbar.<\/p>\n\n\n\n<p>Zugriffsdaten<\/p>\n\n\n\n<p>Der Websitebetreiber bzw. Seitenprovider erhebt Daten \u00fcber Zugriffe auf die Seite und speichert diese als \u201eServer-Logfiles\u201c ab. Folgende Daten werden so protokolliert:<\/p>\n\n\n\n<p>\u2022 Besuchte Website<\/p>\n\n\n\n<p>\u2022 Uhrzeit zum Zeitpunkt des Zugriffes<\/p>\n\n\n\n<p>\u2022 Menge der gesendeten Daten in Byte<\/p>\n\n\n\n<p>\u2022 Quelle\/Verweis, von welchem Sie auf die Seite gelangten<\/p>\n\n\n\n<p>\u2022 Verwendeter Browser<\/p>\n\n\n\n<p>\u2022 Verwendetes Betriebssystem<\/p>\n\n\n\n<p>\u2022 Verwendete IP-Adresse<\/p>\n\n\n\n<p>Die erhobenen Daten dienen lediglich statistischen Auswertungen und zur Verbesserung der Website. Der Websitebetreiber beh\u00e4lt sich allerdings vor, die Server-Logfiles nachtr\u00e4glich zu \u00fcberpr\u00fcfen, sollten konkrete Anhaltspunkte auf eine rechtswidrige Nutzung hinweisen.<\/p>\n\n\n\n<p>Cookies<\/p>\n\n\n\n<p>Diese Website verwendet Cookies. Dabei handelt es sich um kleine Textdateien, welche auf Ihrem Endger\u00e4t gespeichert werden. Ihr Browser greift auf diese Dateien zu. Durch den Einsatz von Cookies erh\u00f6ht sich die Benutzerfreundlichkeit und Sicherheit dieser Website.<\/p>\n\n\n\n<p>G\u00e4ngige Browser bieten die Einstellungsoption, Cookies nicht zuzulassen. Hinweis: Es ist nicht gew\u00e4hrleistet, dass Sie auf alle Funktionen dieser Website ohne Einschr\u00e4nkungen zugreifen k\u00f6nnen, wenn Sie entsprechende Einstellungen vornehmen.<\/p>\n\n\n\n<p>Umgang mit personenbezogenen Daten<\/p>\n\n\n\n<p>Der Websitebetreiber erhebt, nutzt und gibt Ihre personenbezogenen Daten nur dann weiter, wenn dies im gesetzlichen Rahmen erlaubt ist oder Sie in die Datenerhebung einwilligen.<\/p>\n\n\n\n<p>Als personenbezogene Daten gelten s\u00e4mtliche Informationen, welche dazu dienen, Ihre Person zu bestimmen und welche zu Ihnen zur\u00fcckverfolgt werden k\u00f6nnen \u2013 also beispielsweise Ihr Name, Ihre E-Mail-Adresse und Telefonnummer.<\/p>\n\n\n\n<p>Umgang mit Kontaktdaten<\/p>\n\n\n\n<p>Nehmen Sie mit dem Websitebetreiber durch die angebotenen Kontaktm\u00f6glichkeiten Verbindung auf, werden Ihre Angaben gespeichert, damit auf diese zur Bearbeitung und Beantwortung Ihrer Anfrage zur\u00fcckgegriffen werden kann. Ohne Ihre Einwilligung werden diese Daten nicht an Dritte weitergegeben.<\/p>\n\n\n\n<p>Google Analytics<\/p>\n\n\n\n<p>Diese Website nutzt den Dienst \u201eGoogle Analytics\u201c, welcher von der Google Inc. (1600 Amphitheatre Parkway Mountain View, CA 94043, USA) angeboten wird, zur Analyse der Websitebenutzung durch Nutzer. Der Dienst verwendet \u201eCookies\u201c \u2013 Textdateien, welche auf Ihrem Endger\u00e4t gespeichert werden. Die durch die Cookies gesammelten Informationen werden im Regelfall an einen Google-Server in den USA gesandt und dort gespeichert.<\/p>\n\n\n\n<p>Auf dieser Website greift die IP-Anonymisierung. Die IP-Adresse der Nutzer wird innerhalb der Mitgliedsstaaten der EU und des Europ\u00e4ischen Wirtschaftsraum gek\u00fcrzt. Durch diese K\u00fcrzung entf\u00e4llt der Personenbezug Ihrer IP-Adresse. Im Rahmen der Vereinbarung zur Auftragsdatenvereinbarung, welche die Websitebetreiber mit der Google Inc. geschlossen haben, erstellt diese mithilfe der gesammelten Informationen eine Auswertung der Websitenutzung und der Websiteaktivit\u00e4t und erbringt mit der Internetnutzung verbundene Dienstleistungen.<\/p>\n\n\n\n<p>Sie haben die M\u00f6glichkeit, die Speicherung des Cookies auf Ihrem Ger\u00e4t zu verhindern, indem Sie in Ihrem Browser entsprechende Einstellungen vornehmen. Es ist nicht gew\u00e4hrleistet, dass Sie auf alle Funktionen dieser Website ohne Einschr\u00e4nkungen zugreifen k\u00f6nnen, wenn Ihr Browser keine Cookies zul\u00e4sst.<\/p>\n\n\n\n<p>Weiterhin k\u00f6nnen Sie durch ein Browser-Plugin verhindern, dass die durch Cookies gesammelten Informationen (inklusive Ihrer IP-Adresse) an die Google Inc. gesendet und von der Google Inc. genutzt werden. Folgender Link f\u00fchrt Sie zu dem entsprechenden<\/p>\n\n\n\n<p>Plugin: https:\/\/tools.google.com\/dlpage\/gaoptout?hl=de<\/p>\n\n\n\n<p>Hier finden Sie weitere Informationen zur Datennutzung durch die Google Inc.: https:\/\/support.google.com\/analytics\/answer\/6004245?hl=de<\/p>\n\n\n\n<p>Rechte des Nutzers: Auskunft, Berichtigung und L\u00f6schung<\/p>\n\n\n\n<p>Sie als Nutzer erhalten auf Antrag Ihrerseits kostenlose Auskunft dar\u00fcber, welche personenbezogenen Daten \u00fcber Sie gespeichert wurden. Sofern Ihr Wunsch nicht mit einer gesetzlichen Pflicht zur Aufbewahrung von Daten (z. B. Vorratsdatenspeicherung) kollidiert, haben Sie ein Anrecht auf Berichtigung falscher Daten und auf die Sperrung oder L\u00f6schung Ihrer personenbezogenen Daten.<\/p>\n\n\n\n<p>Erstellt nach einem Muster von datenschutz.org und erg\u00e4nzt Angaben zum Datenschutz die unter Rechtliches zu finden sind.<\/p>\n\n\n\n<p>Mit der Nutzung der Homepage, Kontaktaufnahme per Fax\/Email\/Telefon\/Kontaktformular willigen Sie in die Datenverarbeitung ein. Diese Einwilligung kann jederzeit widerrufen werden. Wir empfehlen dann die Homepage Dienste\/Informationen nicht mehr in Anspruch zu nehmen.<\/p>\n\n\n\n<p>Die Homepage wird \u00fcber IONOS gehostet. Die Datenschutzerkl\u00e4rung von IONOS ist zu finden unter https:\/\/www.ionos.de\/terms-gtc\/datenschutzerklaerung\/<\/p>\n\n\n\n<p>Das Verzeichnis von Verarbeitungst\u00e4tigkeiten nach DS-GVO kann auf Antrag in den Praxisr\u00e4umlichkeiten zu Praxis\u00f6ffnungszeiten vor Ort eingesehen werden.<\/p>\n\n\n\n<h2 class=\"wp-block-heading has-large-font-size\">Hinweise zur Datenverarbeitung im Zusammenhang mit Google Analytics<\/h2>\n\n\n\n<p>Diese Website benutzt Google Analytics, einen Webanalysedienst der Google Ireland Limited. Wenn der Verantwortliche f\u00fcr die Datenverarbeitung auf dieser Website au\u00dferhalb des Europ\u00e4ischen Wirtschaftsraumes oder der Schweiz sitzt, dann erfolgt die Google Analytics Datenverarbeitung durch Google LLC. Google LLC und Google Ireland Limited werden nachfolgend &#8222;Google&#8220; genannt.<br><br>Google Analytics verwendet sog. &#8222;Cookies&#8220;, Textdateien, die auf dem Computer des Seitenbesuchers gespeichert werden und die eine Analyse der Benutzung der Website durch den Seitenbesucher erm\u00f6glichen. Die durch das Cookie erzeugten Informationen \u00fcber die Benutzung dieser Website durch den Seitenbesucher (einschlie\u00dflich der gek\u00fcrzten IP-Adresse) werden in der Regel an einen Server von Google \u00fcbertragen und dort gespeichert.<br><br>Google Analytics wird ausschlie\u00dflich mit der Erweiterung &#8222;_anonymizeIp()&#8220; auf dieser Website verwendet. Diese Erweiterung stellt eine Anonymisierung der IP-Adresse durch K\u00fcrzung sicher und schlie\u00dft eine direkte Personenbeziehbarkeit aus. Durch die Erweiterung wird die IP-Adresse von Google innerhalb von Mitgliedstaaten der Europ\u00e4ischen Union oder in anderen Vertragsstaaten des Abkommens \u00fcber den Europ\u00e4ischen Wirtschaftsraum zuvor gek\u00fcrzt. Nur in Ausnahmef\u00e4llen wird die volle IP-Adresse an einen Server von Google in den USA \u00fcbertragen und dort gek\u00fcrzt. Die im Rahmen von Google Analytics von dem entsprechenden Browser \u00fcbermittelte IP-Adresse wird nicht mit anderen Daten von Google zusammengef\u00fchrt.<br><br>Im Auftrag des Seitenbetreibers wird Google die anfallenden Informationen benutzen, um die Nutzung der Website auszuwerten, um Reports \u00fcber die Websiteaktivit\u00e4ten zusammenzustellen und um weitere mit der Websitenutzung und der Internetnutzung verbundene Dienstleistungen dem Seitenbetreiber gegen\u00fcber zu erbringen (Art. 6 Abs. 1 lit. f DSGVO). Das berechtigte Interesse an der Datenverarbeitung liegt in der Optimierung dieser Website, der Analyse der Benutzung der Website und der Anpassung der Inhalte. Die Interessen der Nutzer werden durch die Pseudonymisierung hinreichend gewahrt.<br><br>Google LLC. bietet eine Garantie auf Basis der Standardvertragsklauseln ein angemessenes Datenschutzniveau einzuhalten. Die gesendeten und mit Cookies, Nutzerkennungen (z. B. User-ID) oder Werbe-IDs verkn\u00fcpften Daten werden nach 50 Monaten automatisch gel\u00f6scht. Die L\u00f6schung von Daten, deren Aufbewahrungsdauer erreicht ist, erfolgt automatisch einmal im Monat.<br><br>Die Erfassung durch Google Analytics kann verhindert werden, indem der Seitenbesucher die Cookie-Einstellungen f\u00fcr diese Website anpasst. Der Erfassung und Speicherung der IP-Adresse und der durch Cookies erzeugten Daten kann au\u00dferdem jederzeit mit Wirkung f\u00fcr die Zukunft widersprochen werden. Das entsprechende Browser- Plugin kann unter dem folgenden Link heruntergeladen und installiert werden: <a href=\"http:\/\/tools.google.com\/dlpage\/gaoptout\" target=\"_blank\" rel=\"noreferrer noopener\">https:\/\/tools.google.com\/dlpage\/gaoptout<\/a>.<br><br>Der Seitenbesucher kann die Erfassung durch Google Analytics auf dieser Webseite verhindern, indem er auf folgenden <a href=\"javascript: gaOptOut([&quot;UA-24232538-132&quot;]);\">Link<\/a> klickt. Es wird ein Opt-Out-Cookie gesetzt, der die zuk\u00fcnftige Erfassung der Daten beim Besuch dieser Website verhindert.<br><br>Weitere Informationen zur Datennutzung durch Google, Einstellungs- und Widerspruchsm\u00f6glichkeiten, finden sich in der Datenschutzerkl\u00e4rung von Google (<a href=\"https:\/\/policies.google.com\/privacy\" target=\"_blank\" rel=\"noreferrer noopener\">https:\/\/policies.google.com\/privacy<\/a>) sowie in den Einstellungen f\u00fcr die Darstellung von Werbeeinblendungen durch Google (<a href=\"https:\/\/adssettings.google.com\/authenticated\" target=\"_blank\" rel=\"noreferrer noopener\">https:\/\/adssettings.google.com\/authenticated<\/a>).<\/p>\n\n\n\n<h2 class=\"wp-block-heading has-large-font-size\">reCAPTCHA<\/h2>\n\n\n\n<p>Zum Schutz Ihrer Anfragen per Internetformular verwenden wir den Dienst reCAPTCHA des Unternehmens Google LLC (Google). Die Abfrage dient der Unterscheidung, ob die Eingabe durch einen Menschen oder missbr\u00e4uchlich durch automatisierte, maschinelle Verarbeitung erfolgt. Die Abfrage schlie\u00dft den Versand der IP-Adresse und ggf. weiterer von Google f\u00fcr den Dienst reCAPTCHA ben\u00f6tigter Daten an Google ein. Zu diesem Zweck wird Ihre Eingabe an Google \u00fcbermittelt und dort weiter verwendet. Ihre IP-Adresse wird von Google jedoch innerhalb von Mitgliedstaaten der Europ\u00e4ischen Union oder in anderen Vertragsstaaten des Abkommens \u00fcber den Europ\u00e4ischen Wirtschaftsraum zuvor gek\u00fcrzt. Nur in Ausnahmef\u00e4llen wird die volle IP-Adresse an einen Server von Google in den USA \u00fcbertragen und dort gek\u00fcrzt. Im Auftrag des Betreibers dieser Website wird Google diese Informationen benutzen, um Ihre Nutzung dieses Dienstes auszuwerten. Die im Rahmen von reCaptcha von Ihrem Browser \u00fcbermittelte IP-Adresse wird nicht mit anderen Daten von Google zusammengef\u00fchrt. F\u00fcr diese Daten gelten die abweichenden Datenschutzbestimmungen des Unternehmens Google. Weitere Informationen zu den Datenschutzrichtlinien von Google finden Sie unter: <a href=\"https:\/\/policies.google.com\/privacy?hl=de\" target=\"_blank\" rel=\"noreferrer noopener\">https:\/\/policies.google.com\/privacy?hl=de<\/a><\/p>\n\n\n\n<p>Cookies<\/p>\n\n\n\n<p>Zur Verwaltung der eingesetzten Cookies und \u00e4hnlichen Technologien (Tracking-Pixel, Web-Beacons etc.) und diesbez\u00fcglicher Einwilligungen setzen wir das Consent Tool &#8222;Real Cookie Banner&#8220; ein. Details zur Funktionsweise von &#8222;Real Cookie Banner&#8220; findest du unter <a href=\"https:\/\/devowl.io\/de\/rcb\/datenverarbeitung\/\" target=\"_blank\" rel=\"noreferrer noopener\">https:\/\/devowl.io\/de\/rcb\/datenverarbeitung\/<\/a>.<\/p>\n\n\n\n<p>Rechtsgrundlagen f\u00fcr die Verarbeitung von personenbezogenen Daten in diesem Zusammenhang sind Art. 6 Abs. 1 lit. c DS-GVO und Art. 6 Abs. 1 lit. f DS-GVO. Unser berechtigtes Interesse ist die Verwaltung der eingesetzten Cookies und \u00e4hnlichen Technologien und der diesbez\u00fcglichen Einwilligungen.<\/p>\n\n\n\n<p>Die Bereitstellung der personenbezogenen Daten ist weder vertraglich vorgeschrieben noch f\u00fcr den Abschluss eines Vertrages notwendig. Du bist nicht verpflichtet die personenbezogenen Daten bereitzustellen. Wenn du die personenbezogenen Daten nicht bereitstellst, k\u00f6nnen wir deine Einwilligungen nicht verwalten.<\/p>\n\n\n\n<p><\/p>\n\n\n\n<p><\/p>\n","protected":false},"excerpt":{"rendered":"<p>Verantwortlich f\u00fcr den Inhalt: Pflichtangaben nach \u00a7 6 Teledienstgesetz (TDG) Name:&nbsp;Susanne BeynPraxisanschrift: Schmiedeberg 11, 73529 Schw\u00e4bisch Gm\u00fcndTelefon: 07171 Telefax : 07171-E-Mail info@praxis-am-schmiedeberg.deGesetzliche Berufsbezeichnung: \u00c4rztinStaat: Bundesrepublik Deutschland \u00c4rztekammer: \u00c4rztekammer Baden W\u00fcrttemberg Jahnstra\u00dfe 570597 Stuttgartwww.aerztekammer-bw.de Aufsichtsbeh\u00f6rde:Kassen\u00e4rztliche Vereinigung Baden-W\u00fcrttembergAlbstadtweg 1170567 Stuttgartwww.kvbawue.de Berufsrechtliche Regelungen:Berufsordnung f\u00fcr die \u00c4rzte Bade-W\u00fcrttembergs, nachzulesen auf der Website der \u00c4rztekammer Baden-W\u00fcrttemberg: www.baek-nw.de CopyrightDiese Seiten sind [&hellip;]<\/p>\n","protected":false},"author":1,"featured_media":0,"parent":105,"menu_order":70,"comment_status":"closed","ping_status":"closed","template":"","meta":{"footnotes":""},"class_list":["post-32","page","type-page","status-publish","hentry"],"_links":{"self":[{"href":"https:\/\/www.praxis-am-schmiedeberg.de\/index.php?rest_route=\/wp\/v2\/pages\/32","targetHints":{"allow":["GET"]}}],"collection":[{"href":"https:\/\/www.praxis-am-schmiedeberg.de\/index.php?rest_route=\/wp\/v2\/pages"}],"about":[{"href":"https:\/\/www.praxis-am-schmiedeberg.de\/index.php?rest_route=\/wp\/v2\/types\/page"}],"author":[{"embeddable":true,"href":"https:\/\/www.praxis-am-schmiedeberg.de\/index.php?rest_route=\/wp\/v2\/users\/1"}],"replies":[{"embeddable":true,"href":"https:\/\/www.praxis-am-schmiedeberg.de\/index.php?rest_route=%2Fwp%2Fv2%2Fcomments&post=32"}],"version-history":[{"count":10,"href":"https:\/\/www.praxis-am-schmiedeberg.de\/index.php?rest_route=\/wp\/v2\/pages\/32\/revisions"}],"predecessor-version":[{"id":200,"href":"https:\/\/www.praxis-am-schmiedeberg.de\/index.php?rest_route=\/wp\/v2\/pages\/32\/revisions\/200"}],"up":[{"embeddable":true,"href":"https:\/\/www.praxis-am-schmiedeberg.de\/index.php?rest_route=\/wp\/v2\/pages\/105"}],"wp:attachment":[{"href":"https:\/\/www.praxis-am-schmiedeberg.de\/index.php?rest_route=%2Fwp%2Fv2%2Fmedia&parent=32"}],"curies":[{"name":"wp","href":"https:\/\/api.w.org\/{rel}","templated":true}]}}