{"id":65,"date":"2023-04-15T13:13:26","date_gmt":"2023-04-15T13:13:26","guid":{"rendered":"http:\/\/praxis-am-schmiedeberg.de\/?page_id=65"},"modified":"2024-07-26T12:57:48","modified_gmt":"2024-07-26T12:57:48","slug":"hilfreiche-links","status":"publish","type":"page","link":"https:\/\/www.praxis-am-schmiedeberg.de\/?page_id=65","title":{"rendered":"Hilfreiche Links \/ Downloads"},"content":{"rendered":"\n<p>Datenschuzterkl\u00e4rung<\/p>\n\n\n\n<div class=\"wp-block-file\"><a id=\"wp-block-file--media-284c6d02-ba41-427b-a7d3-557ad8d1ae4a\" href=\"https:\/\/www.praxis-am-schmiedeberg.de\/wp-content\/uploads\/2023\/08\/DatenschutzerklaerungSB-2.pdf\">DatenschutzerklaerungSB-2<\/a><a href=\"https:\/\/www.praxis-am-schmiedeberg.de\/wp-content\/uploads\/2023\/08\/DatenschutzerklaerungSB-2.pdf\" class=\"wp-block-file__button wp-element-button\" download aria-describedby=\"wp-block-file--media-284c6d02-ba41-427b-a7d3-557ad8d1ae4a\">Herunterladen<\/a><\/div>\n\n\n\n<p class=\"has-large-font-size\">Hitzeschutz<\/p>\n\n\n\n<p>Es ist wieder Sommer und die Temperaturen steigen.<\/p>\n\n\n\n<p>hier finden Sie n\u00fctzliche Informationen rund um den Umgang und das empfohlene Verhalten bei Hitze :<\/p>\n\n\n\n<div class=\"wp-block-file\"><a id=\"wp-block-file--media-bf7ae26e-4906-4739-ad03-85a8db4a0840\" href=\"https:\/\/www.praxis-am-schmiedeberg.de\/wp-content\/uploads\/2024\/07\/Checkliste-Hitze-fuer-Patienten.pdf\">Checkliste Hitze f\u00fcr Patienten<\/a><a href=\"https:\/\/www.praxis-am-schmiedeberg.de\/wp-content\/uploads\/2024\/07\/Checkliste-Hitze-fuer-Patienten.pdf\" class=\"wp-block-file__button wp-element-button\" download aria-describedby=\"wp-block-file--media-bf7ae26e-4906-4739-ad03-85a8db4a0840\">Herunterladen<\/a><\/div>\n\n\n\n<div class=\"wp-block-file\"><a id=\"wp-block-file--media-463ee730-d69f-42bd-84a3-f4995c515941\" href=\"https:\/\/www.praxis-am-schmiedeberg.de\/wp-content\/uploads\/2024\/07\/PI-Hitze-Verhaltensempfehlungen.pdf\">PI Hitze Verhaltensempfehlungen<\/a><a href=\"https:\/\/www.praxis-am-schmiedeberg.de\/wp-content\/uploads\/2024\/07\/PI-Hitze-Verhaltensempfehlungen.pdf\" class=\"wp-block-file__button wp-element-button\" download aria-describedby=\"wp-block-file--media-463ee730-d69f-42bd-84a3-f4995c515941\">Herunterladen<\/a><\/div>\n\n\n\n<h4 class=\"wp-block-heading\">Impfempfehlungen<\/h4>\n\n\n\n<p>Die Bundeszentrale f\u00fcr gesundheitliche Aufkl\u00e4rung informiert auf <a rel=\"noreferrer noopener\" href=\"http:\/\/www.impfen-info.de\" target=\"_blank\">www.impfen-info.de<\/a> haupts\u00e4chlich \u00fcber allgemeine und aktuelle Impfempfehlungen. Dar\u00fcber hinaus erfahren Sie, wie diese Empfehlungen zustande kommen und finden Antworten auf viele m\u00f6gliche Fragen zum Thema Impfen.&nbsp;<\/p>\n\n\n\n<p class=\"has-large-font-size\">Blutdrucktabelle<\/p>\n\n\n\n<div class=\"wp-block-file\"><a id=\"wp-block-file--media-a678540e-53c7-49fd-a273-d8fa937b2fdb\" href=\"https:\/\/www.praxis-am-schmiedeberg.de\/wp-content\/uploads\/2023\/09\/Blutdruck-Tabelle-Praxis-am-Schmiedeberg-3.pdf\">Blutdruck-Tabelle Praxis am Schmiedeberg<\/a><a href=\"https:\/\/www.praxis-am-schmiedeberg.de\/wp-content\/uploads\/2023\/09\/Blutdruck-Tabelle-Praxis-am-Schmiedeberg-3.pdf\" class=\"wp-block-file__button wp-element-button\" download aria-describedby=\"wp-block-file--media-a678540e-53c7-49fd-a273-d8fa937b2fdb\">Herunterladen<\/a><\/div>\n\n\n\n<h4 class=\"wp-block-heading\">Allgemeine Gesundheitsinformationen<\/h4>\n\n\n\n<p>Die Seiten <a href=\"http:\/\/www.gesundheitsinformation.de\" target=\"_blank\" rel=\"noreferrer noopener\">www.gesundheitsinformation.de<\/a> und <a href=\"http:\/\/www.patienten-information.de\" target=\"_blank\" rel=\"noreferrer noopener\">www.patienten-information.de<\/a> bieten thematisch organisierte Informationen zu vielen Gesundheitsfragen, die Sie begleitend zum \u00e4rztlichen Gespr\u00e4ch hinzuziehen k\u00f6nnen. Die Suchfunktionen erm\u00f6glichen einen direkten Zugang zu gut aufbereiteten Texten zu Erkrankungen und Behandlungen sowie weiterf\u00fchrende Links.<\/p>\n\n\n\n<h4 class=\"wp-block-heading\">Individuelle Gesundheitsleistungen<\/h4>\n\n\n\n<p>Medizinische Leistungen, die Sie selbst bezahlen m\u00fcssen, werden \u201eIndividuelle Gesundheitsleistungen\u201c (IGeL) genannt. Nicht alle von diesen Leistungen sind sinnvoll oder n\u00fctzlich. Die Seite <a href=\"http:\/\/www.igel-monitor.de\" target=\"_blank\" rel=\"noreferrer noopener\">www.igel-monitor.de<\/a>&nbsp;bewertet Nutzen und Schaden zahlreicher IGeL, damit Sie gut informiert entscheiden k\u00f6nnen.<\/p>\n\n\n\n<h4 class=\"wp-block-heading\">Psychotherapie<\/h4>\n\n\n\n<p>Wenn es um psychische Erkrankungen geht, f\u00e4llt Betroffenen und Angeh\u00f6rigen oft schwer, sich zu orientieren und einen Therapieplatz zu finden.&nbsp;<a href=\"https:\/\/www.wege-zur-psychotherapie.org\/\" target=\"_blank\" rel=\"noreferrer noopener\">www.wege-zur-psychotherapie.org<\/a>&nbsp;bietet klar strukturierte Informationen zu psychischen Erkrankungen, Therapie-M\u00f6glichkeiten und auch Links zur Therapeut:innensuche.&nbsp;<\/p>\n\n\n\n<h4 class=\"wp-block-heading\">Sexualit\u00e4t<\/h4>\n\n\n\n<p>Die Seite <a href=\"http:\/\/www.liebesleben.de\" target=\"_blank\" rel=\"noreferrer noopener\">www.liebesleben.de<\/a>&nbsp;ist von der Bundeszentrale f\u00fcr gesundheitliche Aufkl\u00e4rung und stellt Informationen rund ums Thema Sexualit\u00e4t zusammen. Dabei geht es unter anderem um \u201eFragen rund um sexuelle Gesundheit, um sexuelle Orientierungen und Geschlechtsidentit\u00e4ten, um Safer Sex und sexuell \u00fcbertragbare Infektionen (STI).\u201c<\/p>\n\n\n\n<h4 class=\"wp-block-heading\">Demenz<\/h4>\n\n\n\n<p>Informationen und Hilfe zum Thema Demenz f\u00fcr Betroffene und Angeh\u00f6rige gibt es auf <a href=\"http:\/\/www.deutsche-alzheimer.de\" target=\"_blank\" rel=\"noreferrer noopener\">www.deutsche-alzheimer.de<\/a>, der Seite der Deutschen Alzheimergesellschaft. Sie finden dort auch Kontaktm\u00f6glichkeiten f\u00fcr Beratungen per Telefon oder E-Mail.<\/p>\n\n\n\n<p> In Schw\u00e4bisch Gm\u00fcnd bietet das Deutsche Rote Kreuz Hilfe an.<\/p>\n\n\n\n<p><a href=\"https:\/\/www.drk-gd.de\/angebote\/demenz\/demenzberatung.html\">www.drk-gd.de\/angebote\/demenz\/demenzberatung.html<\/a><\/p>\n\n\n\n<p class=\"has-large-font-size\">Pflegest\u00fctzpunkt Ostalbkreis <\/p>\n\n\n\n<p>Der Pflegest\u00fctzpunkt Ostalbkreis bietet allen Rat- und Hilfesuchenden eine kostenlose und neutrale Beratung zu Fragen im Vor- und Umfeld einer Pflegesituation. Die Fachkr\u00e4fte \u00fcbernehmen dabei als neutrale Lotsen eine Wegweiserfunktion durch die Vielzahl von Informationen und Hilfen rund um das Thema Pflege.<\/p>\n\n\n\n<p><a href=\"https:\/\/www.ostalbkreis.de\/sixcms\/detail.php?_topnav=36&amp;_sub1=31788&amp;_sub2=125347&amp;id=125346\">https:\/\/www.ostalbkreis.de\/sixcms\/detail.php?_topnav=36&amp;_sub1=31788&amp;_sub2=125347&amp;id=125346<\/a><\/p>\n\n\n\n<p class=\"has-large-font-size\">Seniorennetzwerk <\/p>\n\n\n\n<p>Viele \u00e4ltere Menschen m\u00f6chten &#8211; auch bei Hilfe- und Pflegebed\u00fcrftigkeit &#8211; so lange wie m\u00f6glich in ihrer vertrauten Umgebung leben.Deshalb ist es wichtig, dass \u00e4ltere Menschen und deren Angeh\u00f6rige sich fr\u00fchzeitig informieren, welche Angebote und M\u00f6glichkeiten es gibt. Hier finden Sie eine \u00dcbersicht \u00fcber Beratungsstellen in Schw\u00e4bisch Gm\u00fcnd, sowie \u00fcber Anbieter unterschiedlichster Unterst\u00fctzungsm\u00f6glichkeiten.<\/p>\n\n\n\n<p><a href=\"https:\/\/www.schwaebisch-gmuend.de\/beratung-und-unterstuetzung-seniorennetzwerk.html\">https:\/\/www.schwaebisch-gmuend.de\/beratung-und-unterstuetzung-seniorennetzwerk.html<\/a><\/p>\n\n\n\n<p class=\"has-large-font-size\">Rauchfrei werden <\/p>\n\n\n\n<p>Sie m\u00f6chten mit dem Rauchen aufh\u00f6ren? Hier finden Sie Unterst\u00fctzung<\/p>\n\n\n\n<p><a href=\"https:\/\/rauchfrei-info.de\/\">https:\/\/rauchfrei-info.de\/<\/a><\/p>\n\n\n\n<p class=\"has-large-font-size\">Hilfe bei Suchtproblemen<\/p>\n\n\n\n<p>Sucht ist eine Krankheit, die jeden treffen kann, unabh\u00e4ngig von Alter, Ausbildung, Beruf und gesellschaftlichem Ansehen. Hilfe f\u00fcr sich und seine Angeh\u00f6rigen in Anspruch zu nehmen ist dabei keine Schande und hat nichts mit pers\u00f6nlichem Versagen zu tun. Rat und Hilfe bei Suchtproblemen k\u00f6nnen im Ostalbkreis bei verschiedenen Anlaufstellen in Anspruch genommen werden.<\/p>\n\n\n\n<p><a href=\"https:\/\/www.ostalbkreis.de\/sixcms\/detail.php?_topnav=36&amp;_sub1=31788&amp;_sub2=31821&amp;_sub3=31827&amp;_sub4=12013&amp;id=236084\">https:\/\/www.ostalbkreis.de\/sixcms\/detail.php?_topnav=36&amp;_sub1=31788&amp;_sub2=31821&amp;_sub3=31827&amp;_sub4=12013&amp;id=236084<\/a><\/p>\n\n\n\n<p class=\"has-large-font-size\"><\/p>\n\n\n\n<p><\/p>\n\n\n\n<div class=\"wp-block-group has-global-padding is-layout-constrained wp-block-group-is-layout-constrained\"><\/div>\n","protected":false},"excerpt":{"rendered":"<p>Datenschuzterkl\u00e4rung Hitzeschutz Es ist wieder Sommer und die Temperaturen steigen. hier finden Sie n\u00fctzliche Informationen rund um den Umgang und das empfohlene Verhalten bei Hitze : Impfempfehlungen Die Bundeszentrale f\u00fcr gesundheitliche Aufkl\u00e4rung informiert auf www.impfen-info.de haupts\u00e4chlich \u00fcber allgemeine und aktuelle Impfempfehlungen. Dar\u00fcber hinaus erfahren Sie, wie diese Empfehlungen zustande kommen und finden Antworten auf viele [&hellip;]<\/p>\n","protected":false},"author":1,"featured_media":0,"parent":105,"menu_order":60,"comment_status":"closed","ping_status":"closed","template":"","meta":{"footnotes":""},"class_list":["post-65","page","type-page","status-publish","hentry"],"_links":{"self":[{"href":"https:\/\/www.praxis-am-schmiedeberg.de\/index.php?rest_route=\/wp\/v2\/pages\/65","targetHints":{"allow":["GET"]}}],"collection":[{"href":"https:\/\/www.praxis-am-schmiedeberg.de\/index.php?rest_route=\/wp\/v2\/pages"}],"about":[{"href":"https:\/\/www.praxis-am-schmiedeberg.de\/index.php?rest_route=\/wp\/v2\/types\/page"}],"author":[{"embeddable":true,"href":"https:\/\/www.praxis-am-schmiedeberg.de\/index.php?rest_route=\/wp\/v2\/users\/1"}],"replies":[{"embeddable":true,"href":"https:\/\/www.praxis-am-schmiedeberg.de\/index.php?rest_route=%2Fwp%2Fv2%2Fcomments&post=65"}],"version-history":[{"count":10,"href":"https:\/\/www.praxis-am-schmiedeberg.de\/index.php?rest_route=\/wp\/v2\/pages\/65\/revisions"}],"predecessor-version":[{"id":331,"href":"https:\/\/www.praxis-am-schmiedeberg.de\/index.php?rest_route=\/wp\/v2\/pages\/65\/revisions\/331"}],"up":[{"embeddable":true,"href":"https:\/\/www.praxis-am-schmiedeberg.de\/index.php?rest_route=\/wp\/v2\/pages\/105"}],"wp:attachment":[{"href":"https:\/\/www.praxis-am-schmiedeberg.de\/index.php?rest_route=%2Fwp%2Fv2%2Fmedia&parent=65"}],"curies":[{"name":"wp","href":"https:\/\/api.w.org\/{rel}","templated":true}]}}