{"id":87,"date":"2023-05-11T13:56:18","date_gmt":"2023-05-11T13:56:18","guid":{"rendered":"https:\/\/praxis-am-schmiedeberg.de\/?page_id=87"},"modified":"2025-06-26T12:44:24","modified_gmt":"2025-06-26T12:44:24","slug":"karriere","status":"publish","type":"page","link":"https:\/\/www.praxis-am-schmiedeberg.de\/?page_id=87","title":{"rendered":"Wir bilden aus."},"content":{"rendered":"\n<p class=\"has-large-font-size\">\u00c4rztin \/ Arzt in Weiterbildung<\/p>\n\n\n\n<p>Unsere Praxis ist Lehrpraxis der Universit\u00e4t Ulm<\/p>\n\n\n\n<p>Wir bieten die M\u00f6glichkeit zur Famulatur w\u00e4hrend des Studiums<\/p>\n\n\n\n<p><a href=\"https:\/\/www.ostalbkreis.de\/sixcms\/media.php\/26\/PM595_2021_Flyer.pdf\">https:\/\/www.ostalbkreis.de\/sixcms\/media.php\/26\/PM595_2021_Flyer.pdf<\/a><\/p>\n\n\n\n<p>Wir bieten eine Stelle f\u00fcr eine \u00c4rztin \/ Arzt in Weiterbildung (Vollzeit oder Teilzeit) f\u00fcr die Fachrichtung Allgemeinmedizin<\/p>\n\n\n\n<p><\/p>\n\n\n\n<p><\/p>\n","protected":false},"excerpt":{"rendered":"<p>\u00c4rztin \/ Arzt in Weiterbildung Unsere Praxis ist Lehrpraxis der Universit\u00e4t Ulm Wir bieten die M\u00f6glichkeit zur Famulatur w\u00e4hrend des Studiums https:\/\/www.ostalbkreis.de\/sixcms\/media.php\/26\/PM595_2021_Flyer.pdf Wir bieten eine Stelle f\u00fcr eine \u00c4rztin \/ Arzt in Weiterbildung (Vollzeit oder Teilzeit) f\u00fcr die Fachrichtung Allgemeinmedizin<\/p>\n","protected":false},"author":1,"featured_media":0,"parent":105,"menu_order":50,"comment_status":"closed","ping_status":"closed","template":"","meta":{"footnotes":""},"class_list":["post-87","page","type-page","status-publish","hentry"],"_links":{"self":[{"href":"https:\/\/www.praxis-am-schmiedeberg.de\/index.php?rest_route=\/wp\/v2\/pages\/87","targetHints":{"allow":["GET"]}}],"collection":[{"href":"https:\/\/www.praxis-am-schmiedeberg.de\/index.php?rest_route=\/wp\/v2\/pages"}],"about":[{"href":"https:\/\/www.praxis-am-schmiedeberg.de\/index.php?rest_route=\/wp\/v2\/types\/page"}],"author":[{"embeddable":true,"href":"https:\/\/www.praxis-am-schmiedeberg.de\/index.php?rest_route=\/wp\/v2\/users\/1"}],"replies":[{"embeddable":true,"href":"https:\/\/www.praxis-am-schmiedeberg.de\/index.php?rest_route=%2Fwp%2Fv2%2Fcomments&post=87"}],"version-history":[{"count":7,"href":"https:\/\/www.praxis-am-schmiedeberg.de\/index.php?rest_route=\/wp\/v2\/pages\/87\/revisions"}],"predecessor-version":[{"id":379,"href":"https:\/\/www.praxis-am-schmiedeberg.de\/index.php?rest_route=\/wp\/v2\/pages\/87\/revisions\/379"}],"up":[{"embeddable":true,"href":"https:\/\/www.praxis-am-schmiedeberg.de\/index.php?rest_route=\/wp\/v2\/pages\/105"}],"wp:attachment":[{"href":"https:\/\/www.praxis-am-schmiedeberg.de\/index.php?rest_route=%2Fwp%2Fv2%2Fmedia&parent=87"}],"curies":[{"name":"wp","href":"https:\/\/api.w.org\/{rel}","templated":true}]}}